{"id":32648,"date":"2021-06-15T16:25:50","date_gmt":"2021-06-15T16:25:50","guid":{"rendered":"https:\/\/localhost\/the7\/?page_id=32648"},"modified":"2021-11-09T19:02:22","modified_gmt":"2021-11-09T19:02:22","slug":"o_empreendimento","status":"publish","type":"page","link":"https:\/\/parquejabaete.com.br\/site\/o_empreendimento\/","title":{"rendered":"O Empreendimento"},"content":{"rendered":"\t\t<div data-elementor-type=\"wp-page\" data-elementor-id=\"32648\" class=\"elementor elementor-32648\" data-elementor-post-type=\"page\">\n\t\t\t\t\t\t<section class=\"elementor-section elementor-top-section elementor-element elementor-element-8e3c0f0 elementor-section-full_width elementor-section-content-middle elementor-section-height-default elementor-section-height-default\" data-id=\"8e3c0f0\" data-element_type=\"section\" data-e-type=\"section\" data-settings=\"{&quot;background_background&quot;:&quot;classic&quot;}\">\n\t\t\t\t\t\t\t<div class=\"elementor-background-overlay\"><\/div>\n\t\t\t\t\t\t\t<div class=\"elementor-container elementor-column-gap-wider\">\n\t\t\t\t\t<div class=\"elementor-column elementor-col-100 elementor-top-column elementor-element elementor-element-71558ef\" data-id=\"71558ef\" data-element_type=\"column\" data-e-type=\"column\">\n\t\t\t<div class=\"elementor-widget-wrap elementor-element-populated\">\n\t\t\t\t\t\t<div class=\"elementor-element elementor-element-3859067 elementor-widget elementor-widget-heading\" data-id=\"3859067\" data-element_type=\"widget\" data-e-type=\"widget\" data-widget_type=\"heading.default\">\n\t\t\t\t<div class=\"elementor-widget-container\">\n\t\t\t\t\t<h2 class=\"elementor-heading-title elementor-size-default\">O Empreendimento<\/h2>\t\t\t\t<\/div>\n\t\t\t\t<\/div>\n\t\t\t\t<div class=\"elementor-element elementor-element-1e8f57c elementor-widget-divider--view-line elementor-widget elementor-widget-divider\" data-id=\"1e8f57c\" data-element_type=\"widget\" data-e-type=\"widget\" data-widget_type=\"divider.default\">\n\t\t\t\t<div class=\"elementor-widget-container\">\n\t\t\t\t\t\t\t<div class=\"elementor-divider\">\n\t\t\t<span class=\"elementor-divider-separator\">\n\t\t\t\t\t\t<\/span>\n\t\t<\/div>\n\t\t\t\t\t\t<\/div>\n\t\t\t\t<\/div>\n\t\t\t\t<div class=\"elementor-element elementor-element-d861012 elementor-widget elementor-widget-the7_elements\" data-id=\"d861012\" data-element_type=\"widget\" data-e-type=\"widget\" data-widget_type=\"the7_elements.default\">\n\t\t\t\t<div class=\"elementor-widget-container\">\n\t\t\t\t\t<div class=\"portfolio-shortcode the7-elementor-widget the7_elements-d861012 mode-grid dt-css-grid-wrap classic-layout-list description-under-image scale-img meta-info-off content-bg-on enable-bg-rollover resize-by-browser-width loading-effect-fall-perspective jquery-filter\" data-padding=\"20px\" data-mobile-columns-num=\"\" data-tablet-columns-num=\"1\" data-desktop-columns-num=\"3\" data-wide-desktop-columns-num=\"3\" data-post-limit=\"12\" data-pagination-mode=\"load-more\" data-scroll-offset=\"\"><div class=\"dt-css-grid custom-pagination-handler\"><div class=\"visible wf-cell\" data-post-id=\"33462\" data-date=\"2021-06-28T16:04:10+00:00\" data-name=\"Galp\u00e3o 1\"><article class=\"post visible post-33462 dt_portfolio type-dt_portfolio status-publish has-post-thumbnail hentry dt_portfolio_category-gatti-logistica\" data-name=\"Galp\u00e3o 1\" data-date=\"2021-06-28T16:04:10+00:00\">\n\n\t<div class=\"post-thumbnail-wrap rollover-active\">\n\t\t<div class=\"post-thumbnail\">\n\n\t\t\t<a href=\"https:\/\/parquejabaete.com.br\/site\/project\/galpao-1\/\" class=\"post-thumbnail-rollover layzr-bg\" aria-label=\"Post image\"><img fetchpriority=\"high\" decoding=\"async\" class=\"preload-me lazy-load\" src=\"data:image\/svg+xml,%3Csvg%20xmlns%3D&#39;http%3A%2F%2Fwww.w3.org%2F2000%2Fsvg&#39;%20viewBox%3D&#39;0%200%20940%20672&#39;%2F%3E\" data-src=\"https:\/\/parquejabaete.com.br\/site\/wp-content\/uploads\/2021\/11\/G1-003-940x672.jpeg\" data-srcset=\"https:\/\/parquejabaete.com.br\/site\/wp-content\/uploads\/2021\/11\/G1-003-940x672.jpeg 940w\" alt=\"\" title=\"G1-003\" width=\"940\" height=\"672\"  \/><\/a><div class=\"project-links-container\"><a href=\"https:\/\/parquejabaete.com.br\/site\/project\/galpao-1\/\" class=\"project-details\" aria-label=\"Details link\"><span aria-hidden=\"true\" class=\" icomoon-the7-font-the7-plus-02\"><\/span><\/a><\/div>\n\t\t<\/div>\n\t<\/div>\n\n\n<div class=\"post-entry-content\">\n\n\t<h3 class=\"ele-entry-title\"><a href=\"https:\/\/parquejabaete.com.br\/site\/project\/galpao-1\/\" title=\"Galp\u00e3o 1\" rel=\"bookmark\">Galp\u00e3o 1<\/a><\/h3><a href=\"https:\/\/parquejabaete.com.br\/site\/project\/galpao-1\/\" target=\"\" aria-label=\"Read more about Galp\u00e3o 1\" class=\"box-button elementor-button elementor-size-xs\">Conhe\u00e7a o projeto<svg aria-hidden=\"true\" class=\"elementor-button-icon e-font-icon-svg e-fas-plus\" viewBox=\"0 0 448 512\" xmlns=\"http:\/\/www.w3.org\/2000\/svg\"><path d=\"M416 208H272V64c0-17.67-14.33-32-32-32h-32c-17.67 0-32 14.33-32 32v144H32c-17.67 0-32 14.33-32 32v32c0 17.67 14.33 32 32 32h144v144c0 17.67 14.33 32 32 32h32c17.67 0 32-14.33 32-32V304h144c17.67 0 32-14.33 32-32v-32c0-17.67-14.33-32-32-32z\"><\/path><\/svg><\/a>\n<\/div><\/article><\/div><div class=\"visible wf-cell\" data-post-id=\"33460\" data-date=\"2021-06-28T16:03:44+00:00\" data-name=\"Galp\u00e3o 2\"><article class=\"post visible post-33460 dt_portfolio type-dt_portfolio status-publish has-post-thumbnail hentry dt_portfolio_category-gatti-logistica\" data-name=\"Galp\u00e3o 2\" data-date=\"2021-06-28T16:03:44+00:00\">\n\n\t<div class=\"post-thumbnail-wrap rollover-active\">\n\t\t<div class=\"post-thumbnail\">\n\n\t\t\t<a href=\"https:\/\/parquejabaete.com.br\/site\/project\/galpao-2\/\" class=\"post-thumbnail-rollover layzr-bg\" aria-label=\"Post image\"><img decoding=\"async\" class=\"preload-me lazy-load\" src=\"data:image\/svg+xml,%3Csvg%20xmlns%3D&#39;http%3A%2F%2Fwww.w3.org%2F2000%2Fsvg&#39;%20viewBox%3D&#39;0%200%20990%20707&#39;%2F%3E\" data-src=\"https:\/\/parquejabaete.com.br\/site\/wp-content\/uploads\/2021\/11\/G2-01-990x707.jpeg\" data-srcset=\"https:\/\/parquejabaete.com.br\/site\/wp-content\/uploads\/2021\/11\/G2-01-990x707.jpeg 990w, https:\/\/parquejabaete.com.br\/site\/wp-content\/uploads\/2021\/11\/G2-01-1485x1061.jpeg 1485w\" alt=\"\" title=\"G2-01\" width=\"990\" height=\"707\"  \/><\/a><div class=\"project-links-container\"><a href=\"https:\/\/parquejabaete.com.br\/site\/project\/galpao-2\/\" class=\"project-details\" aria-label=\"Details link\"><span aria-hidden=\"true\" class=\" icomoon-the7-font-the7-plus-02\"><\/span><\/a><\/div>\n\t\t<\/div>\n\t<\/div>\n\n\n<div class=\"post-entry-content\">\n\n\t<h3 class=\"ele-entry-title\"><a href=\"https:\/\/parquejabaete.com.br\/site\/project\/galpao-2\/\" title=\"Galp\u00e3o 2\" rel=\"bookmark\">Galp\u00e3o 2<\/a><\/h3><a href=\"https:\/\/parquejabaete.com.br\/site\/project\/galpao-2\/\" target=\"\" aria-label=\"Read more about Galp\u00e3o 2\" class=\"box-button elementor-button elementor-size-xs\">Conhe\u00e7a o projeto<svg aria-hidden=\"true\" class=\"elementor-button-icon e-font-icon-svg e-fas-plus\" viewBox=\"0 0 448 512\" xmlns=\"http:\/\/www.w3.org\/2000\/svg\"><path d=\"M416 208H272V64c0-17.67-14.33-32-32-32h-32c-17.67 0-32 14.33-32 32v144H32c-17.67 0-32 14.33-32 32v32c0 17.67 14.33 32 32 32h144v144c0 17.67 14.33 32 32 32h32c17.67 0 32-14.33 32-32V304h144c17.67 0 32-14.33 32-32v-32c0-17.67-14.33-32-32-32z\"><\/path><\/svg><\/a>\n<\/div><\/article><\/div><div class=\"visible wf-cell\" data-post-id=\"33458\" data-date=\"2021-06-28T16:03:16+00:00\" data-name=\"Galp\u00e3o 3\"><article class=\"post visible post-33458 dt_portfolio type-dt_portfolio status-publish has-post-thumbnail hentry dt_portfolio_category-gatti-logistica\" data-name=\"Galp\u00e3o 3\" data-date=\"2021-06-28T16:03:16+00:00\">\n\n\t<div class=\"post-thumbnail-wrap rollover-active\">\n\t\t<div class=\"post-thumbnail\">\n\n\t\t\t<a href=\"https:\/\/parquejabaete.com.br\/site\/project\/parque-jabaete\/\" class=\"post-thumbnail-rollover layzr-bg\" aria-label=\"Post image\"><img decoding=\"async\" class=\"preload-me lazy-load\" src=\"data:image\/svg+xml,%3Csvg%20xmlns%3D&#39;http%3A%2F%2Fwww.w3.org%2F2000%2Fsvg&#39;%20viewBox%3D&#39;0%200%20990%20707&#39;%2F%3E\" data-src=\"https:\/\/parquejabaete.com.br\/site\/wp-content\/uploads\/2021\/11\/G3-01-1-990x707.jpeg\" data-srcset=\"https:\/\/parquejabaete.com.br\/site\/wp-content\/uploads\/2021\/11\/G3-01-1-990x707.jpeg 990w, https:\/\/parquejabaete.com.br\/site\/wp-content\/uploads\/2021\/11\/G3-01-1-1007x720.jpeg 1007w\" alt=\"\" title=\"G3-01\" width=\"990\" height=\"707\"  \/><\/a><div class=\"project-links-container\"><a href=\"https:\/\/parquejabaete.com.br\/site\/project\/parque-jabaete\/\" class=\"project-details\" aria-label=\"Details link\"><span aria-hidden=\"true\" class=\" icomoon-the7-font-the7-plus-02\"><\/span><\/a><\/div>\n\t\t<\/div>\n\t<\/div>\n\n\n<div class=\"post-entry-content\">\n\n\t<h3 class=\"ele-entry-title\"><a href=\"https:\/\/parquejabaete.com.br\/site\/project\/parque-jabaete\/\" title=\"Galp\u00e3o 3\" rel=\"bookmark\">Galp\u00e3o 3<\/a><\/h3><a href=\"https:\/\/parquejabaete.com.br\/site\/project\/parque-jabaete\/\" target=\"\" aria-label=\"Read more about Galp\u00e3o 3\" class=\"box-button elementor-button elementor-size-xs\">Conhe\u00e7a o projeto<svg aria-hidden=\"true\" class=\"elementor-button-icon e-font-icon-svg e-fas-plus\" viewBox=\"0 0 448 512\" xmlns=\"http:\/\/www.w3.org\/2000\/svg\"><path d=\"M416 208H272V64c0-17.67-14.33-32-32-32h-32c-17.67 0-32 14.33-32 32v144H32c-17.67 0-32 14.33-32 32v32c0 17.67 14.33 32 32 32h144v144c0 17.67 14.33 32 32 32h32c17.67 0 32-14.33 32-32V304h144c17.67 0 32-14.33 32-32v-32c0-17.67-14.33-32-32-32z\"><\/path><\/svg><\/a>\n<\/div><\/article><\/div><\/div><!-- iso-container|iso-grid --><div class=\"paginator filter-decorations paginator-more-button filter-pointer-background\">\n\t\t\t\t<a class=\"button-load-more highlighted filter-item\" href=\"javascript:void(0);\" data-dt-page=\"1\" ><span class=\"button-caption\">More projects...<\/span><\/a>\n\t\t\t<\/div><\/div>\t\t\t\t<\/div>\n\t\t\t\t<\/div>\n\t\t\t\t\t<\/div>\n\t\t<\/div>\n\t\t\t\t\t<\/div>\n\t\t<\/section>\n\t\t\t\t<\/div>\n\t\t","protected":false},"excerpt":{"rendered":"<p>O Empreendimento Galp\u00e3o 1 Conhe\u00e7a o projeto Galp\u00e3o 2 Conhe\u00e7a o projeto Galp\u00e3o 3 Conhe\u00e7a o projeto More projects&#8230;<\/p>\n","protected":false},"author":1,"featured_media":0,"parent":0,"menu_order":10,"comment_status":"closed","ping_status":"closed","template":"elementor_header_footer","meta":{"_eb_attr":"","advanced_seo_description":"","jetpack_seo_html_title":"","jetpack_seo_noindex":false,"footnotes":""},"class_list":["post-32648","page","type-page","status-publish","hentry"],"jetpack-related-posts":[],"jetpack_sharing_enabled":true,"_links":{"self":[{"href":"https:\/\/parquejabaete.com.br\/site\/wp-json\/wp\/v2\/pages\/32648","targetHints":{"allow":["GET"]}}],"collection":[{"href":"https:\/\/parquejabaete.com.br\/site\/wp-json\/wp\/v2\/pages"}],"about":[{"href":"https:\/\/parquejabaete.com.br\/site\/wp-json\/wp\/v2\/types\/page"}],"author":[{"embeddable":true,"href":"https:\/\/parquejabaete.com.br\/site\/wp-json\/wp\/v2\/users\/1"}],"replies":[{"embeddable":true,"href":"https:\/\/parquejabaete.com.br\/site\/wp-json\/wp\/v2\/comments?post=32648"}],"version-history":[{"count":184,"href":"https:\/\/parquejabaete.com.br\/site\/wp-json\/wp\/v2\/pages\/32648\/revisions"}],"predecessor-version":[{"id":34366,"href":"https:\/\/parquejabaete.com.br\/site\/wp-json\/wp\/v2\/pages\/32648\/revisions\/34366"}],"wp:attachment":[{"href":"https:\/\/parquejabaete.com.br\/site\/wp-json\/wp\/v2\/media?parent=32648"}],"curies":[{"name":"wp","href":"https:\/\/api.w.org\/{rel}","templated":true}]}}